{"id":2037,"date":"2025-12-23T12:27:40","date_gmt":"2025-12-23T12:27:40","guid":{"rendered":"https:\/\/divorciointeligente.com\/autorizacao-judicial-do-artigo-158-cc\/"},"modified":"2026-03-13T10:46:15","modified_gmt":"2026-03-13T10:46:15","slug":"autorizacao-judicial-do-artigo-158-cc","status":"publish","type":"page","link":"https:\/\/divorciointeligente.com\/pt-br\/autorizacao-judicial-do-artigo-158-cc\/","title":{"rendered":"Autoriza\u00e7\u00e3o judicial do artigo 158 CC"},"content":{"rendered":"\t\t<div data-elementor-type=\"wp-page\" data-elementor-id=\"2037\" class=\"elementor elementor-2037 elementor-284\" data-elementor-post-type=\"page\">\n\t\t\t\t<div class=\"elementor-element elementor-element-43c3954 e-con-full e-flex e-con e-parent\" data-id=\"43c3954\" data-element_type=\"container\" data-e-type=\"container\" data-settings=\"{&quot;background_background&quot;:&quot;classic&quot;}\">\n\t\t\t\t<div class=\"elementor-element elementor-element-8e1c495 elementor-widget elementor-widget-heading\" data-id=\"8e1c495\" data-element_type=\"widget\" data-e-type=\"widget\" data-widget_type=\"heading.default\">\n\t\t\t\t<div class=\"elementor-widget-container\">\n\t\t\t\t\t<h1 class=\"elementor-heading-title elementor-size-default\">Autoriza\u00e7\u00e3o judicial do artigo 158 CC\n<\/h1>\t\t\t\t<\/div>\n\t\t\t\t<\/div>\n\t\t<div class=\"elementor-element elementor-element-8095aa9 e-con-full e-flex e-con e-child\" data-id=\"8095aa9\" data-element_type=\"container\" data-e-type=\"container\" data-settings=\"{&quot;background_background&quot;:&quot;classic&quot;,&quot;position&quot;:&quot;absolute&quot;}\">\n\t\t\t\t<div class=\"elementor-element elementor-element-8623851 elementor-icon-list--layout-inline elementor-list-item-link-full_width elementor-widget elementor-widget-icon-list\" data-id=\"8623851\" data-element_type=\"widget\" data-e-type=\"widget\" data-widget_type=\"icon-list.default\">\n\t\t\t\t<div class=\"elementor-widget-container\">\n\t\t\t\t\t\t\t<ul class=\"elementor-icon-list-items elementor-inline-items\">\n\t\t\t\t\t\t\t<li class=\"elementor-icon-list-item elementor-inline-item\">\n\t\t\t\t\t\t\t\t\t\t\t<a href=\"https:\/\/divorciointeligente.com\/pt-br\/\">\n\n\t\t\t\t\t\t\t\t\t\t\t<span class=\"elementor-icon-list-text\">Inicio<\/span>\n\t\t\t\t\t\t\t\t\t\t\t<\/a>\n\t\t\t\t\t\t\t\t\t<\/li>\n\t\t\t\t\t\t\t\t<li class=\"elementor-icon-list-item elementor-inline-item\">\n\t\t\t\t\t\t\t\t\t\t\t<span class=\"elementor-icon-list-icon\">\n\t\t\t\t\t\t\t<i aria-hidden=\"true\" class=\"fas fa-chevron-right\"><\/i>\t\t\t\t\t\t<\/span>\n\t\t\t\t\t\t\t\t\t\t<span class=\"elementor-icon-list-text\">Autoriza\u00e7\u00e3o judicial do artigo 158 CC<\/span>\n\t\t\t\t\t\t\t\t\t<\/li>\n\t\t\t\t\t\t<\/ul>\n\t\t\t\t\t\t<\/div>\n\t\t\t\t<\/div>\n\t\t\t\t<\/div>\n\t\t\t\t<\/div>\n\t\t\t\t<\/div>\n\t\t","protected":false},"excerpt":{"rendered":"<p>Autoriza\u00e7\u00e3o judicial do artigo 158 CC Inicio Autoriza\u00e7\u00e3o judicial do artigo 158 CC<\/p>\n","protected":false},"author":1,"featured_media":0,"parent":0,"menu_order":0,"comment_status":"closed","ping_status":"closed","template":"","meta":{"_acf_changed":false,"footnotes":""},"class_list":["post-2037","page","type-page","status-publish","hentry"],"acf":[],"_links":{"self":[{"href":"https:\/\/divorciointeligente.com\/pt-br\/wp-json\/wp\/v2\/pages\/2037","targetHints":{"allow":["GET"]}}],"collection":[{"href":"https:\/\/divorciointeligente.com\/pt-br\/wp-json\/wp\/v2\/pages"}],"about":[{"href":"https:\/\/divorciointeligente.com\/pt-br\/wp-json\/wp\/v2\/types\/page"}],"author":[{"embeddable":true,"href":"https:\/\/divorciointeligente.com\/pt-br\/wp-json\/wp\/v2\/users\/1"}],"replies":[{"embeddable":true,"href":"https:\/\/divorciointeligente.com\/pt-br\/wp-json\/wp\/v2\/comments?post=2037"}],"version-history":[{"count":1,"href":"https:\/\/divorciointeligente.com\/pt-br\/wp-json\/wp\/v2\/pages\/2037\/revisions"}],"predecessor-version":[{"id":2038,"href":"https:\/\/divorciointeligente.com\/pt-br\/wp-json\/wp\/v2\/pages\/2037\/revisions\/2038"}],"wp:attachment":[{"href":"https:\/\/divorciointeligente.com\/pt-br\/wp-json\/wp\/v2\/media?parent=2037"}],"curies":[{"name":"wp","href":"https:\/\/api.w.org\/{rel}","templated":true}]}}