{"id":2068,"date":"2025-12-23T12:30:31","date_gmt":"2025-12-23T12:30:31","guid":{"rendered":"https:\/\/divorciointeligente.com\/violencia-de-genero\/adocao-de-medidas-civis\/"},"modified":"2026-03-13T13:12:23","modified_gmt":"2026-03-13T13:12:23","slug":"adocao-de-medidas-civis","status":"publish","type":"page","link":"https:\/\/divorciointeligente.com\/pt-br\/violencia-de-genero\/adocao-de-medidas-civis\/","title":{"rendered":"Ado\u00e7\u00e3o de medidas civis"},"content":{"rendered":"\t\t<div data-elementor-type=\"wp-page\" data-elementor-id=\"2068\" class=\"elementor elementor-2068 elementor-305\" data-elementor-post-type=\"page\">\n\t\t\t\t<div class=\"elementor-element elementor-element-09732ae e-con-full e-flex e-con e-parent\" data-id=\"09732ae\" data-element_type=\"container\" data-e-type=\"container\" data-settings=\"{&quot;background_background&quot;:&quot;classic&quot;}\">\n\t\t\t\t<div class=\"elementor-element elementor-element-5b42ec6 elementor-widget elementor-widget-heading\" data-id=\"5b42ec6\" data-element_type=\"widget\" data-e-type=\"widget\" data-widget_type=\"heading.default\">\n\t\t\t\t<div class=\"elementor-widget-container\">\n\t\t\t\t\t<h1 class=\"elementor-heading-title elementor-size-default\">Ado\u00e7\u00e3o de medidas civis\n<\/h1>\t\t\t\t<\/div>\n\t\t\t\t<\/div>\n\t\t<div class=\"elementor-element elementor-element-3c00ead e-con-full e-flex e-con e-child\" data-id=\"3c00ead\" data-element_type=\"container\" data-e-type=\"container\" data-settings=\"{&quot;background_background&quot;:&quot;classic&quot;,&quot;position&quot;:&quot;absolute&quot;}\">\n\t\t\t\t<div class=\"elementor-element elementor-element-4dd57e5 elementor-icon-list--layout-inline elementor-list-item-link-full_width elementor-widget elementor-widget-icon-list\" data-id=\"4dd57e5\" data-element_type=\"widget\" data-e-type=\"widget\" data-widget_type=\"icon-list.default\">\n\t\t\t\t<div class=\"elementor-widget-container\">\n\t\t\t\t\t\t\t<ul class=\"elementor-icon-list-items elementor-inline-items\">\n\t\t\t\t\t\t\t<li class=\"elementor-icon-list-item elementor-inline-item\">\n\t\t\t\t\t\t\t\t\t\t\t<a href=\"https:\/\/divorciointeligente.com\/pt-br\/\">\n\n\t\t\t\t\t\t\t\t\t\t\t<span class=\"elementor-icon-list-text\">Inicio<\/span>\n\t\t\t\t\t\t\t\t\t\t\t<\/a>\n\t\t\t\t\t\t\t\t\t<\/li>\n\t\t\t\t\t\t\t\t<li class=\"elementor-icon-list-item elementor-inline-item\">\n\t\t\t\t\t\t\t\t\t\t\t<a href=\"https:\/\/divorciointeligente.com\/pt-br\/violencia-de-genero\/\">\n\n\t\t\t\t\t\t\t\t\t\t\t\t<span class=\"elementor-icon-list-icon\">\n\t\t\t\t\t\t\t<i aria-hidden=\"true\" class=\"fas fa-chevron-right\"><\/i>\t\t\t\t\t\t<\/span>\n\t\t\t\t\t\t\t\t\t\t<span class=\"elementor-icon-list-text\">Viol\u00eancia de g\u00eanero<\/span>\n\t\t\t\t\t\t\t\t\t\t\t<\/a>\n\t\t\t\t\t\t\t\t\t<\/li>\n\t\t\t\t\t\t\t\t<li class=\"elementor-icon-list-item elementor-inline-item\">\n\t\t\t\t\t\t\t\t\t\t\t<span class=\"elementor-icon-list-icon\">\n\t\t\t\t\t\t\t<i aria-hidden=\"true\" class=\"fas fa-chevron-right\"><\/i>\t\t\t\t\t\t<\/span>\n\t\t\t\t\t\t\t\t\t\t<span class=\"elementor-icon-list-text\">Ado\u00e7\u00e3o de medidas civis<\/span>\n\t\t\t\t\t\t\t\t\t<\/li>\n\t\t\t\t\t\t<\/ul>\n\t\t\t\t\t\t<\/div>\n\t\t\t\t<\/div>\n\t\t\t\t<\/div>\n\t\t\t\t<\/div>\n\t\t\t\t<\/div>\n\t\t","protected":false},"excerpt":{"rendered":"<p>Ado\u00e7\u00e3o de medidas civis Inicio Viol\u00eancia de g\u00eanero Ado\u00e7\u00e3o de medidas civis<\/p>\n","protected":false},"author":1,"featured_media":0,"parent":1822,"menu_order":0,"comment_status":"closed","ping_status":"closed","template":"","meta":{"_acf_changed":false,"footnotes":""},"class_list":["post-2068","page","type-page","status-publish","hentry"],"acf":[],"_links":{"self":[{"href":"https:\/\/divorciointeligente.com\/pt-br\/wp-json\/wp\/v2\/pages\/2068","targetHints":{"allow":["GET"]}}],"collection":[{"href":"https:\/\/divorciointeligente.com\/pt-br\/wp-json\/wp\/v2\/pages"}],"about":[{"href":"https:\/\/divorciointeligente.com\/pt-br\/wp-json\/wp\/v2\/types\/page"}],"author":[{"embeddable":true,"href":"https:\/\/divorciointeligente.com\/pt-br\/wp-json\/wp\/v2\/users\/1"}],"replies":[{"embeddable":true,"href":"https:\/\/divorciointeligente.com\/pt-br\/wp-json\/wp\/v2\/comments?post=2068"}],"version-history":[{"count":1,"href":"https:\/\/divorciointeligente.com\/pt-br\/wp-json\/wp\/v2\/pages\/2068\/revisions"}],"predecessor-version":[{"id":2069,"href":"https:\/\/divorciointeligente.com\/pt-br\/wp-json\/wp\/v2\/pages\/2068\/revisions\/2069"}],"up":[{"embeddable":true,"href":"https:\/\/divorciointeligente.com\/pt-br\/wp-json\/wp\/v2\/pages\/1822"}],"wp:attachment":[{"href":"https:\/\/divorciointeligente.com\/pt-br\/wp-json\/wp\/v2\/media?parent=2068"}],"curies":[{"name":"wp","href":"https:\/\/api.w.org\/{rel}","templated":true}]}}